{"id":3,"date":"2021-03-18T17:15:26","date_gmt":"2021-03-18T17:15:26","guid":{"rendered":"http:\/\/coopevilaboa.com\/coopevilaboa.com\/?page_id=3"},"modified":"2023-02-27T07:51:43","modified_gmt":"2023-02-27T07:51:43","slug":"politica-privacidad","status":"publish","type":"page","link":"https:\/\/coopevilaboa.com\/es\/politica-privacidad\/","title":{"rendered":"Pol\u00edtica de privacidad"},"content":{"rendered":"\t\t<div data-elementor-type=\"wp-page\" data-elementor-id=\"3\" class=\"elementor elementor-3\" data-elementor-settings=\"[]\">\n\t\t\t\t\t\t\t<div class=\"elementor-section-wrap\">\n\t\t\t\t\t\t\t<section class=\"elementor-section elementor-top-section elementor-element elementor-element-723a53fc elementor-section-boxed elementor-section-height-default elementor-section-height-default\" data-id=\"723a53fc\" data-element_type=\"section\">\n\t\t\t\t\t\t<div class=\"elementor-container elementor-column-gap-default\">\n\t\t\t\t\t<div class=\"elementor-column elementor-col-100 elementor-top-column elementor-element elementor-element-5144bbfa\" data-id=\"5144bbfa\" data-element_type=\"column\">\n\t\t\t<div class=\"elementor-widget-wrap elementor-element-populated\">\n\t\t\t\t\t\t\t\t<div class=\"elementor-element elementor-element-2215f6e elementor-widget elementor-widget-heading\" data-id=\"2215f6e\" data-element_type=\"widget\" data-widget_type=\"heading.default\">\n\t\t\t\t<div class=\"elementor-widget-container\">\n\t\t\t<h2 class=\"elementor-heading-title elementor-size-default\">POL\u00cdTICA PROTECCI\u00d3N DE DATOS - WEB CON CREACI\u00d3N DE USUARIO<\/h2>\t\t<\/div>\n\t\t\t\t<\/div>\n\t\t\t\t<div class=\"elementor-element elementor-element-3a725c3e elementor-widget elementor-widget-text-editor\" data-id=\"3a725c3e\" data-element_type=\"widget\" data-widget_type=\"text-editor.default\">\n\t\t\t\t<div class=\"elementor-widget-container\">\n\t\t\t\t\t\t\t\t<p>De acuerdo con la normativa de Protecci\u00f3n de Datos de Car\u00e1cter Personal, procedemos a<br \/>informarle del tratamiento de datos personales que realizamos de nuestros clientes y\/o<br \/>usuarios de la presente p\u00e1gina web.<br \/>1.- Responsable de tratamiento de los datos<br \/>COOPERATIVA DE VILABOA DE CONSUMIDORES E USUARIOS &#8211; SOC. COOP. GALEGA<br \/>LUGAR A FIGUEIRA, N\u00ba 8 &#8211; 15543 VILABOA &#8211; VALDOVI\u00d1O (A CORU\u00d1A)<br \/>vilaboa@coopevilaboa.com.<br \/>2. DPO: El delegado de Protecci\u00f3n de Datos de COOPERATIVA DE VILABOA DE CONSUMIDORES<br \/>E USUARIOS &#8211; SOC. COOP. GALEGA es Servicios de Adaptaci\u00f3n Continua en Protecci\u00f3n de Datos<br \/>RB, SL con el que podr\u00e1 contactar en vilaboa@coopevilaboa.com.<br \/>3. Finalidad del tratamiento, legitimaci\u00f3n y plazo de conservaci\u00f3n.<br \/>COOPERATIVA DE VILABOA DE CONSUMIDORES E USUARIOS &#8211; SOC. COOP. GALEGA podr\u00e1<br \/>tratar sus datos de car\u00e1cter personal de acuerdo con las siguientes finalidades:<br \/>SERVICIO DE ATENCI\u00d3N AL USUARIO A TRAV\u00c9S DEL FORMULARIO DE CONTACTO Y\/O ENV\u00cdO<br \/>DE CORREOS ELECTR\u00d3NICOS<br \/>Finalidad de tratamiento: trataremos los datos estrictamente necesarios para gestionar su<br \/>petici\u00f3n.<br \/>Legitimaci\u00f3n: existe un inter\u00e9s leg\u00edtimo por ambas partes para la resoluci\u00f3n de solicitudes o<br \/>consultas.<br \/>En caso de reclamaciones relacionadas con nuestros servicios, la legitimaci\u00f3n es el<br \/>cumplimiento de obligaciones legales por nuestra parte.<br \/>Plazo de conservaci\u00f3n: el tiempo necesario para dar respuesta a su solicitud y en cualquier<br \/>caso, hasta que transcurra el plazo de prescripci\u00f3n de posibles acciones de responsabilidad<br \/>derivadas del tratamiento.<br \/>GESTIONAR EL REGISTRO COMO USUARIO DE LA WEB<br \/>Finalidad de tratamiento: En caso de que decida registrarse como usuario de la web,<br \/>necesitaremos tratar sus datos para identificarle como usuario y darle acceso a los beneficios<br \/>que obtiene por su condici\u00f3n de usuario registrado.<br \/>Legitimaci\u00f3n: El tratamiento de los datos est\u00e1 legitimado por su consentimiento.<br \/>Plazo de conservaci\u00f3n: hasta que decida dar de baja el usuario. Puede consultar c\u00f3mo<br \/>cancelar su cuenta de usuario en el apartado \u201c5. Derechos\u201d.<br \/>017A &#8211; COOPERATIVA DE VILABOA DE CONSUMIDORES E USUARIOS &#8211; SOC. COOP. GALEGA<br \/>rb soluciones \u00ae consultores en protecci\u00f3n de datos \u2013 lopd@rbsoluciones.com<br \/>4. Destinatarios de cesiones<br \/>No cederemos sus datos a terceros, salvo para dar cumplimiento a una obligaci\u00f3n legal.<br \/>5. Pol\u00edtica de cookies<br \/>Para revisar el tratamiento de datos relativo a las cookies, puede consultar la pol\u00edtica de<br \/>cookies, disponible en esta misma p\u00e1gina web.<br \/>Podr\u00e1 configurar sus preferencias respecto al uso de cookies en el propio aviso de<br \/>configuraci\u00f3n de cookies.<br \/>6. Derechos<br \/>Por \u00faltimo, le informamos de sus derechos en materia de protecci\u00f3n de datos.<br \/>&#8211; Derecho a solicitar el acceso a sus datos personales.<br \/>&#8211; Derecho a solicitar su rectificaci\u00f3n o supresi\u00f3n.<br \/>&#8211; Derecho a solicitar la limitaci\u00f3n de su tratamiento, y a oponerse al tratamiento.<br \/>&#8211; Derecho a la portabilidad de los datos.<br \/>&#8211; Derecho a la retirada de su consentimiento.<br \/>Puede enviar su solicitud a trav\u00e9s de la cuenta de correo electr\u00f3nico:<br \/>vilaboa@coopevilaboa.com.<br \/>Si considera que no hemos atendido correctamente sus derechos, podr\u00e1 formular una<br \/>reclamaci\u00f3n ante la Agencia Espa\u00f1ola de Protecci\u00f3n de Datos, a trav\u00e9s de las siguientes v\u00edas:<br \/>&#8211; Sede electr\u00f3nica: www.aepd.es<br \/>&#8211; Correo postal: C\/ Jorge Juan 6, 28001 \u2013 Madrid<br \/>&#8211; Tel\u00e9fono: 901 100 099 \u2013 91 266 35 17<br \/>7. Medidas de seguridad<br \/>COOPERATIVA DE VILABOA DE CONSUMIDORES E USUARIOS &#8211; SOC. COOP. GALEGA tiene<br \/>implantadas las medidas t\u00e9cnicas y organizativas necesarias para garantizar la seguridad de sus<br \/>datos de car\u00e1cter personal y evitar su alteraci\u00f3n, la p\u00e9rdida y el tratamiento y\/o el acceso no<br \/>autorizado, teniendo en cuenta el estado de la tecnolog\u00eda, la naturaleza de los datos<br \/>almacenados y los riesgos provenientes de la acci\u00f3n humana o del medio f\u00edsico y natural a que<br \/>est\u00e1n expuestas.<\/p>\t\t\t\t\t\t<\/div>\n\t\t\t\t<\/div>\n\t\t\t\t\t<\/div>\n\t\t<\/div>\n\t\t\t\t\t\t\t<\/div>\n\t\t<\/section>\n\t\t\t\t\t\t<\/div>\n\t\t\t\t\t<\/div>\n\t\t","protected":false},"excerpt":{"rendered":"<p>POL\u00cdTICA PROTECCI\u00d3N DE DATOS &#8211; WEB CON CREACI\u00d3N DE USUARIO De acuerdo con la normativa de Protecci\u00f3n de Datos de Car\u00e1cter Personal, procedemos ainformarle del tratamiento de datos personales que realizamos de nuestros clientes y\/ousuarios de la presente p\u00e1gina web.1.- Responsable de tratamiento de los datosCOOPERATIVA DE VILABOA DE CONSUMIDORES E USUARIOS &#8211; SOC. COOP. &hellip;<\/p>\n<p class=\"read-more\"> <a class=\"\" href=\"https:\/\/coopevilaboa.com\/es\/politica-privacidad\/\"> <span class=\"screen-reader-text\">Pol\u00edtica de privacidad<\/span> Leer m\u00e1s \u00bb<\/a><\/p>\n","protected":false},"author":1,"featured_media":0,"parent":0,"menu_order":0,"comment_status":"closed","ping_status":"open","template":"","meta":{"footnotes":""},"categories":[],"tags":[],"class_list":["post-3","page","type-page","status-publish","hentry"],"yoast_head":"<!-- This site is optimized with the Yoast SEO plugin v23.2 - https:\/\/yoast.com\/wordpress\/plugins\/seo\/ -->\n<title>Pol\u00edtica de privacidad - Cooperativa de Vilaboa<\/title>\n<meta name=\"robots\" content=\"index, follow, max-snippet:-1, max-image-preview:large, max-video-preview:-1\" \/>\n<link rel=\"canonical\" href=\"https:\/\/coopevilaboa.com\/es\/politica-privacidad\/\" \/>\n<meta property=\"og:locale\" content=\"es_ES\" \/>\n<meta property=\"og:type\" content=\"article\" \/>\n<meta property=\"og:title\" content=\"Pol\u00edtica de privacidad - Cooperativa de Vilaboa\" \/>\n<meta property=\"og:description\" content=\"POL\u00cdTICA PROTECCI\u00d3N DE DATOS &#8211; WEB CON CREACI\u00d3N DE USUARIO De acuerdo con la normativa de Protecci\u00f3n de Datos de Car\u00e1cter Personal, procedemos ainformarle del tratamiento de datos personales que realizamos de nuestros clientes y\/ousuarios de la presente p\u00e1gina web.1.- Responsable de tratamiento de los datosCOOPERATIVA DE VILABOA DE CONSUMIDORES E USUARIOS &#8211; SOC. COOP. &hellip; Pol\u00edtica de privacidad Leer m\u00e1s \u00bb\" \/>\n<meta property=\"og:url\" content=\"https:\/\/coopevilaboa.com\/es\/politica-privacidad\/\" \/>\n<meta property=\"og:site_name\" content=\"Cooperativa de Vilaboa\" \/>\n<meta property=\"article:modified_time\" content=\"2023-02-27T07:51:43+00:00\" \/>\n<meta name=\"twitter:card\" content=\"summary_large_image\" \/>\n<meta name=\"twitter:label1\" content=\"Tiempo de lectura\" \/>\n\t<meta name=\"twitter:data1\" content=\"3 minutos\" \/>\n<script type=\"application\/ld+json\" class=\"yoast-schema-graph\">{\"@context\":\"https:\/\/schema.org\",\"@graph\":[{\"@type\":\"WebPage\",\"@id\":\"https:\/\/coopevilaboa.com\/es\/politica-privacidad\/\",\"url\":\"https:\/\/coopevilaboa.com\/es\/politica-privacidad\/\",\"name\":\"Pol\u00edtica de privacidad - Cooperativa de Vilaboa\",\"isPartOf\":{\"@id\":\"https:\/\/coopevilaboa.com\/es\/#website\"},\"datePublished\":\"2021-03-18T17:15:26+00:00\",\"dateModified\":\"2023-02-27T07:51:43+00:00\",\"breadcrumb\":{\"@id\":\"https:\/\/coopevilaboa.com\/es\/politica-privacidad\/#breadcrumb\"},\"inLanguage\":\"es\",\"potentialAction\":[{\"@type\":\"ReadAction\",\"target\":[\"https:\/\/coopevilaboa.com\/es\/politica-privacidad\/\"]}]},{\"@type\":\"BreadcrumbList\",\"@id\":\"https:\/\/coopevilaboa.com\/es\/politica-privacidad\/#breadcrumb\",\"itemListElement\":[{\"@type\":\"ListItem\",\"position\":1,\"name\":\"Portada\",\"item\":\"https:\/\/coopevilaboa.com\/es\/\"},{\"@type\":\"ListItem\",\"position\":2,\"name\":\"Pol\u00edtica de privacidad\"}]},{\"@type\":\"WebSite\",\"@id\":\"https:\/\/coopevilaboa.com\/es\/#website\",\"url\":\"https:\/\/coopevilaboa.com\/es\/\",\"name\":\"Cooperativa de Vilaboa\",\"description\":\"\",\"publisher\":{\"@id\":\"https:\/\/coopevilaboa.com\/es\/#organization\"},\"potentialAction\":[{\"@type\":\"SearchAction\",\"target\":{\"@type\":\"EntryPoint\",\"urlTemplate\":\"https:\/\/coopevilaboa.com\/es\/?s={search_term_string}\"},\"query-input\":\"required name=search_term_string\"}],\"inLanguage\":\"es\"},{\"@type\":\"Organization\",\"@id\":\"https:\/\/coopevilaboa.com\/es\/#organization\",\"name\":\"Cooperativa de Vilaboa\",\"url\":\"https:\/\/coopevilaboa.com\/es\/\",\"logo\":{\"@type\":\"ImageObject\",\"inLanguage\":\"es\",\"@id\":\"https:\/\/coopevilaboa.com\/es\/#\/schema\/logo\/image\/\",\"url\":\"https:\/\/coopevilaboa.com\/es\/wp-content\/uploads\/2021\/07\/COOP.-VILABOA-VECTORIZADO-01.png\",\"contentUrl\":\"https:\/\/coopevilaboa.com\/es\/wp-content\/uploads\/2021\/07\/COOP.-VILABOA-VECTORIZADO-01.png\",\"width\":142,\"height\":86,\"caption\":\"Cooperativa de Vilaboa\"},\"image\":{\"@id\":\"https:\/\/coopevilaboa.com\/es\/#\/schema\/logo\/image\/\"}}]}<\/script>\n<!-- \/ Yoast SEO plugin. -->","yoast_head_json":{"title":"Pol\u00edtica de privacidad - Cooperativa de Vilaboa","robots":{"index":"index","follow":"follow","max-snippet":"max-snippet:-1","max-image-preview":"max-image-preview:large","max-video-preview":"max-video-preview:-1"},"canonical":"https:\/\/coopevilaboa.com\/es\/politica-privacidad\/","og_locale":"es_ES","og_type":"article","og_title":"Pol\u00edtica de privacidad - Cooperativa de Vilaboa","og_description":"POL\u00cdTICA PROTECCI\u00d3N DE DATOS &#8211; WEB CON CREACI\u00d3N DE USUARIO De acuerdo con la normativa de Protecci\u00f3n de Datos de Car\u00e1cter Personal, procedemos ainformarle del tratamiento de datos personales que realizamos de nuestros clientes y\/ousuarios de la presente p\u00e1gina web.1.- Responsable de tratamiento de los datosCOOPERATIVA DE VILABOA DE CONSUMIDORES E USUARIOS &#8211; SOC. COOP. &hellip; Pol\u00edtica de privacidad Leer m\u00e1s \u00bb","og_url":"https:\/\/coopevilaboa.com\/es\/politica-privacidad\/","og_site_name":"Cooperativa de Vilaboa","article_modified_time":"2023-02-27T07:51:43+00:00","twitter_card":"summary_large_image","twitter_misc":{"Tiempo de lectura":"3 minutos"},"schema":{"@context":"https:\/\/schema.org","@graph":[{"@type":"WebPage","@id":"https:\/\/coopevilaboa.com\/es\/politica-privacidad\/","url":"https:\/\/coopevilaboa.com\/es\/politica-privacidad\/","name":"Pol\u00edtica de privacidad - Cooperativa de Vilaboa","isPartOf":{"@id":"https:\/\/coopevilaboa.com\/es\/#website"},"datePublished":"2021-03-18T17:15:26+00:00","dateModified":"2023-02-27T07:51:43+00:00","breadcrumb":{"@id":"https:\/\/coopevilaboa.com\/es\/politica-privacidad\/#breadcrumb"},"inLanguage":"es","potentialAction":[{"@type":"ReadAction","target":["https:\/\/coopevilaboa.com\/es\/politica-privacidad\/"]}]},{"@type":"BreadcrumbList","@id":"https:\/\/coopevilaboa.com\/es\/politica-privacidad\/#breadcrumb","itemListElement":[{"@type":"ListItem","position":1,"name":"Portada","item":"https:\/\/coopevilaboa.com\/es\/"},{"@type":"ListItem","position":2,"name":"Pol\u00edtica de privacidad"}]},{"@type":"WebSite","@id":"https:\/\/coopevilaboa.com\/es\/#website","url":"https:\/\/coopevilaboa.com\/es\/","name":"Cooperativa de Vilaboa","description":"","publisher":{"@id":"https:\/\/coopevilaboa.com\/es\/#organization"},"potentialAction":[{"@type":"SearchAction","target":{"@type":"EntryPoint","urlTemplate":"https:\/\/coopevilaboa.com\/es\/?s={search_term_string}"},"query-input":"required name=search_term_string"}],"inLanguage":"es"},{"@type":"Organization","@id":"https:\/\/coopevilaboa.com\/es\/#organization","name":"Cooperativa de Vilaboa","url":"https:\/\/coopevilaboa.com\/es\/","logo":{"@type":"ImageObject","inLanguage":"es","@id":"https:\/\/coopevilaboa.com\/es\/#\/schema\/logo\/image\/","url":"https:\/\/coopevilaboa.com\/es\/wp-content\/uploads\/2021\/07\/COOP.-VILABOA-VECTORIZADO-01.png","contentUrl":"https:\/\/coopevilaboa.com\/es\/wp-content\/uploads\/2021\/07\/COOP.-VILABOA-VECTORIZADO-01.png","width":142,"height":86,"caption":"Cooperativa de Vilaboa"},"image":{"@id":"https:\/\/coopevilaboa.com\/es\/#\/schema\/logo\/image\/"}}]}},"_links":{"self":[{"href":"https:\/\/coopevilaboa.com\/es\/wp-json\/wp\/v2\/pages\/3","targetHints":{"allow":["GET"]}}],"collection":[{"href":"https:\/\/coopevilaboa.com\/es\/wp-json\/wp\/v2\/pages"}],"about":[{"href":"https:\/\/coopevilaboa.com\/es\/wp-json\/wp\/v2\/types\/page"}],"author":[{"embeddable":true,"href":"https:\/\/coopevilaboa.com\/es\/wp-json\/wp\/v2\/users\/1"}],"replies":[{"embeddable":true,"href":"https:\/\/coopevilaboa.com\/es\/wp-json\/wp\/v2\/comments?post=3"}],"version-history":[{"count":7,"href":"https:\/\/coopevilaboa.com\/es\/wp-json\/wp\/v2\/pages\/3\/revisions"}],"predecessor-version":[{"id":2759,"href":"https:\/\/coopevilaboa.com\/es\/wp-json\/wp\/v2\/pages\/3\/revisions\/2759"}],"wp:attachment":[{"href":"https:\/\/coopevilaboa.com\/es\/wp-json\/wp\/v2\/media?parent=3"}],"wp:term":[{"taxonomy":"category","embeddable":true,"href":"https:\/\/coopevilaboa.com\/es\/wp-json\/wp\/v2\/categories?post=3"},{"taxonomy":"post_tag","embeddable":true,"href":"https:\/\/coopevilaboa.com\/es\/wp-json\/wp\/v2\/tags?post=3"}],"curies":[{"name":"wp","href":"https:\/\/api.w.org\/{rel}","templated":true}]}}